{"id":727,"date":"2025-09-03T11:59:44","date_gmt":"2025-09-03T11:59:44","guid":{"rendered":"https:\/\/uotilapartners.fi\/pricing\/"},"modified":"2025-09-03T13:09:05","modified_gmt":"2025-09-03T13:09:05","slug":"pricing","status":"publish","type":"page","link":"https:\/\/uotilapartners.fi\/en\/pricing\/","title":{"rendered":"Pricing"},"content":{"rendered":"<p>[et_pb_section fb_built=&#8221;1&#8243; fullwidth=&#8221;on&#8221; admin_label=&#8221;Header Section&#8221; _builder_version=&#8221;4.16&#8243; background_color=&#8221;#192d41&#8243; custom_padding=&#8221;|||&#8221; global_colors_info=&#8221;{}&#8221;][et_pb_fullwidth_header title=&#8221;PRICING&#8221; text_orientation=&#8221;center&#8221; header_fullscreen=&#8221;on&#8221; header_scroll_down=&#8221;on&#8221; scroll_down_icon=&#8221;%%2%%&#8221; scroll_down_icon_color=&#8221;#ffffff&#8221; background_overlay_color=&#8221;rgba(0,0,0,0.4)&#8221; content_max_width_last_edited=&#8221;off|desktop&#8221; admin_label=&#8221;Contents&#8221; _builder_version=&#8221;4.27.4&#8243; title_font=&#8221;Oswald|||on|&#8221; title_text_align=&#8221;center&#8221; title_font_size=&#8221;80px&#8221; title_letter_spacing=&#8221;0.05em&#8221; title_line_height=&#8221;1.5em&#8221; subhead_font=&#8221;Nunito|600|||||||&#8221; subhead_font_size=&#8221;20px&#8221; subhead_line_height=&#8221;1.9em&#8221; background_enable_color=&#8221;off&#8221; background_image=&#8221;http:\/\/uotilapartners.fi\/wp-content\/uploads\/2021\/05\/uotila-partners-netti-03.jpg&#8221; parallax=&#8221;on&#8221; parallax_method=&#8221;on&#8221; custom_button_one=&#8221;on&#8221; button_one_text_size=&#8221;15px&#8221; button_one_bg_color=&#8221;#dca57d&#8221; button_one_border_width=&#8221;10px&#8221; button_one_border_color=&#8221;#dca57d&#8221; button_one_border_radius=&#8221;0px&#8221; button_one_letter_spacing=&#8221;3px&#8221; button_one_font=&#8221;Oswald|||on|&#8221; button_one_use_icon=&#8221;off&#8221; animation_style=&#8221;fade&#8221; animation_starting_opacity=&#8221;50%&#8221; animation_speed_curve=&#8221;ease-in&#8221; title_font_size_tablet=&#8221;60px&#8221; title_font_size_phone=&#8221;40px&#8221; title_font_size_last_edited=&#8221;on|tablet&#8221; button_one_border_color_hover=&#8221;#c99872&#8243; button_one_border_radius_hover=&#8221;0px&#8221; button_one_letter_spacing_hover=&#8221;3px&#8221; button_one_bg_color_hover=&#8221;#c99872&#8243; global_colors_info=&#8221;{}&#8221; button_one_text_size__hover_enabled=&#8221;off&#8221; button_two_text_size__hover_enabled=&#8221;off&#8221; button_one_text_color__hover_enabled=&#8221;off&#8221; button_two_text_color__hover_enabled=&#8221;off&#8221; button_one_border_width__hover_enabled=&#8221;off&#8221; button_two_border_width__hover_enabled=&#8221;off&#8221; button_one_border_color__hover_enabled=&#8221;on&#8221; button_one_border_color__hover=&#8221;#c99872&#8243; button_two_border_color__hover_enabled=&#8221;off&#8221; button_one_border_radius__hover_enabled=&#8221;on&#8221; button_one_border_radius__hover=&#8221;0px&#8221; button_two_border_radius__hover_enabled=&#8221;off&#8221; button_one_letter_spacing__hover_enabled=&#8221;on&#8221; button_one_letter_spacing__hover=&#8221;3px&#8221; button_two_letter_spacing__hover_enabled=&#8221;off&#8221; button_one_bg_color__hover_enabled=&#8221;on&#8221; button_one_bg_color__hover=&#8221;#c99872&#8243; button_two_bg_color__hover_enabled=&#8221;off&#8221;][\/et_pb_fullwidth_header][\/et_pb_section][et_pb_section fb_built=&#8221;1&#8243; admin_label=&#8221;Palveluitamme&#8221; _builder_version=&#8221;4.27.4&#8243; background_color=&#8221;#FFFFFF&#8221; background_enable_image=&#8221;off&#8221; custom_padding=&#8221;||||false|false&#8221; global_colors_info=&#8221;{}&#8221;][et_pb_row admin_label=&#8221;Section Header&#8221; _builder_version=&#8221;4.27.4&#8243; module_alignment=&#8221;center&#8221; custom_padding=&#8221;|0px||0px|false|false&#8221; global_colors_info=&#8221;{}&#8221;][et_pb_column type=&#8221;4_4&#8243; _builder_version=&#8221;4.16&#8243; custom_padding=&#8221;|||&#8221; global_colors_info=&#8221;{}&#8221; custom_padding__hover=&#8221;|||&#8221;][et_pb_heading title=&#8221;Clear pricing \u2013 no surprises&#8221; _builder_version=&#8221;4.27.4&#8243; _module_preset=&#8221;default&#8221; title_font=&#8221;Oswald|||on|||||&#8221; title_text_align=&#8221;center&#8221; title_font_size=&#8221;35px&#8221; custom_padding=&#8221;||20px||false|false&#8221; hover_enabled=&#8221;0&#8243; global_colors_info=&#8221;{}&#8221; sticky_enabled=&#8221;0&#8243;][\/et_pb_heading][et_pb_text disabled_on=&#8221;off|off|off&#8221; admin_label=&#8221;Subtittle&#8221; _builder_version=&#8221;4.27.4&#8243; text_font=&#8221;Nunito||||||||&#8221; text_font_size=&#8221;18px&#8221; text_line_height=&#8221;1.8em&#8221; header_font=&#8221;Oswald||||&#8221; header_font_size=&#8221;16px&#8221; header_letter_spacing=&#8221;2px&#8221; text_orientation=&#8221;center&#8221; max_width=&#8221;600px&#8221; max_width_tablet=&#8221;&#8221; max_width_phone=&#8221;&#8221; max_width_last_edited=&#8221;on|phone&#8221; module_alignment=&#8221;center&#8221; custom_margin=&#8221;-30px|||&#8221; hover_enabled=&#8221;0&#8243; global_colors_info=&#8221;{}&#8221; sticky_enabled=&#8221;0&#8243;]Legal services should not be a mystery \u2013 and neither should their cost. We are transparent about our fees and what they are based on. You always know in advance what you get and at what price.<\/p>\n<p>We offer both hourly billing and fixed-price packages, depending on what suits your needs best. If you are unsure, we will help you find the right solution.[\/et_pb_text][\/et_pb_column][\/et_pb_row][et_pb_row admin_label=&#8221;Section Header&#8221; _builder_version=&#8221;4.27.4&#8243; module_alignment=&#8221;center&#8221; custom_padding=&#8221;|0px||0px|false|false&#8221; hover_enabled=&#8221;0&#8243; global_colors_info=&#8221;{}&#8221; disabled_on=&#8221;on|on|on&#8221; disabled=&#8221;on&#8221; sticky_enabled=&#8221;0&#8243;][et_pb_column type=&#8221;4_4&#8243; _builder_version=&#8221;4.16&#8243; custom_padding=&#8221;|||&#8221; global_colors_info=&#8221;{}&#8221; custom_padding__hover=&#8221;|||&#8221;][et_pb_heading title=&#8221;LEGAL AID&#8221; _builder_version=&#8221;4.27.4&#8243; _module_preset=&#8221;default&#8221; title_font=&#8221;Oswald|||on|||||&#8221; title_text_align=&#8221;center&#8221; title_font_size=&#8221;35px&#8221; custom_padding=&#8221;||20px||false|false&#8221; hover_enabled=&#8221;0&#8243; global_colors_info=&#8221;{}&#8221; sticky_enabled=&#8221;0&#8243;][\/et_pb_heading][et_pb_text disabled_on=&#8221;off|off|off&#8221; admin_label=&#8221;Subtittle&#8221; _builder_version=&#8221;4.16&#8243; text_font=&#8221;Nunito||||||||&#8221; text_font_size=&#8221;18px&#8221; text_line_height=&#8221;1.8em&#8221; header_font=&#8221;Oswald||||&#8221; header_font_size=&#8221;16px&#8221; header_letter_spacing=&#8221;2px&#8221; text_orientation=&#8221;center&#8221; max_width=&#8221;600px&#8221; max_width_tablet=&#8221;&#8221; max_width_phone=&#8221;&#8221; max_width_last_edited=&#8221;on|phone&#8221; module_alignment=&#8221;center&#8221; custom_margin=&#8221;-30px|||&#8221; global_colors_info=&#8221;{}&#8221;]<\/p>\n<p>Toimeksiannon alussa lakimies sopii aina asiakkaan kanssa palkkion perusteista. Palkkio riippuu asiakkaan m\u00e4\u00e4rittelem\u00e4n toimeksiannon vaatimasta ty\u00f6m\u00e4\u00e4r\u00e4st\u00e4, mutta lopullinen palkkio perustuu yleens\u00e4 tehtyjen tuntien m\u00e4\u00e4r\u00e4\u00e4n.<\/p>\n<p>Aina emme pysty heti alussa t\u00e4ydellisesti arvioimaan, paljonko palkkion lopullinen suuruus tulee olemaan. Meill\u00e4 on kuitenkin velvollisuus pit\u00e4\u00e4 asiakas jatkuvasti ajan tasalla mahdollisista lis\u00e4kustannuksista, joista ei ole alussa oltu tietoisia. <\/p>\n<p>[\/et_pb_text][\/et_pb_column][\/et_pb_row][et_pb_row admin_label=&#8221;Section Header&#8221; _builder_version=&#8221;4.27.4&#8243; module_alignment=&#8221;center&#8221; custom_padding=&#8221;|0px||0px|false|false&#8221; global_colors_info=&#8221;{}&#8221;][et_pb_column type=&#8221;4_4&#8243; _builder_version=&#8221;4.16&#8243; custom_padding=&#8221;|||&#8221; global_colors_info=&#8221;{}&#8221; custom_padding__hover=&#8221;|||&#8221;][et_pb_heading title=&#8221;LEGAL AID&#8221; _builder_version=&#8221;4.27.4&#8243; _module_preset=&#8221;default&#8221; title_font=&#8221;Oswald|||on|||||&#8221; title_text_align=&#8221;center&#8221; title_font_size=&#8221;35px&#8221; custom_padding=&#8221;||20px||false|false&#8221; hover_enabled=&#8221;0&#8243; global_colors_info=&#8221;{}&#8221; sticky_enabled=&#8221;0&#8243;][\/et_pb_heading][et_pb_text disabled_on=&#8221;off|off|off&#8221; admin_label=&#8221;Subtittle&#8221; _builder_version=&#8221;4.16&#8243; text_font=&#8221;Nunito||||||||&#8221; text_font_size=&#8221;18px&#8221; text_line_height=&#8221;1.8em&#8221; header_font=&#8221;Oswald||||&#8221; header_font_size=&#8221;16px&#8221; header_letter_spacing=&#8221;2px&#8221; text_orientation=&#8221;center&#8221; max_width=&#8221;600px&#8221; max_width_tablet=&#8221;&#8221; max_width_phone=&#8221;&#8221; max_width_last_edited=&#8221;on|phone&#8221; module_alignment=&#8221;center&#8221; custom_margin=&#8221;-30px|||&#8221; custom_padding=&#8221;||1px|||&#8221; global_colors_info=&#8221;{}&#8221;]<\/p>\n<p>In certain cases, the costs of legal representation may be covered by state-funded legal aid. We advise clients and submit applications for legal aid when applicable. Eligibility depends on the applicant\u2019s financial situation and the type of case. The court determines the final fee.<\/p>\n<p>For more information about legal aid, visit the <span style=\"text-decoration: underline;\"><a href=\"https:\/\/oikeus.fi\/oikeusapu\/fi\/index.html\" target=\"_blank\" rel=\"noopener\">Ministry of Justice\u2019s website<\/a><\/span>.<\/p>\n<p>[\/et_pb_text][\/et_pb_column][\/et_pb_row][et_pb_row admin_label=&#8221;Section Header&#8221; _builder_version=&#8221;4.27.4&#8243; module_alignment=&#8221;center&#8221; custom_padding=&#8221;|0px||0px|false|false&#8221; global_colors_info=&#8221;{}&#8221;][et_pb_column type=&#8221;4_4&#8243; _builder_version=&#8221;4.16&#8243; custom_padding=&#8221;|||&#8221; global_colors_info=&#8221;{}&#8221; custom_padding__hover=&#8221;|||&#8221;][et_pb_heading title=&#8221;LEGAL EXPENSES INSURANCE&#8221; _builder_version=&#8221;4.27.4&#8243; _module_preset=&#8221;default&#8221; title_font=&#8221;Oswald|||on|||||&#8221; title_text_align=&#8221;center&#8221; title_font_size=&#8221;35px&#8221; custom_padding=&#8221;||20px||false|false&#8221; global_colors_info=&#8221;{}&#8221;][\/et_pb_heading][et_pb_text disabled_on=&#8221;off|off|off&#8221; admin_label=&#8221;Subtittle&#8221; _builder_version=&#8221;4.16&#8243; text_font=&#8221;Nunito||||||||&#8221; text_font_size=&#8221;18px&#8221; text_line_height=&#8221;1.8em&#8221; header_font=&#8221;Oswald||||&#8221; header_font_size=&#8221;16px&#8221; header_letter_spacing=&#8221;2px&#8221; text_orientation=&#8221;center&#8221; max_width=&#8221;600px&#8221; max_width_tablet=&#8221;&#8221; max_width_phone=&#8221;&#8221; max_width_last_edited=&#8221;on|phone&#8221; module_alignment=&#8221;center&#8221; custom_margin=&#8221;-30px|||&#8221; global_colors_info=&#8221;{}&#8221;]<\/p>\n<p>Clients may also have their legal costs covered under legal expenses insurance. This is often included in home insurance policies. In such cases, we liaise with the insurer to determine whether they will cover the lawyer\u2019s fees in full or in part. Usually, insurance policies include a deductible that the client must pay.<\/p>\n<p>[\/et_pb_text][\/et_pb_column][\/et_pb_row][\/et_pb_section]<\/p>\n","protected":false},"excerpt":{"rendered":"<p>Legal services should not be a mystery \u2013 and neither should their cost. We are transparent about our fees and what they are based on. You always know in advance what you get and at what price. We offer both hourly billing and fixed-price packages, depending on what suits your needs best. If you are [&hellip;]<\/p>\n","protected":false},"author":2,"featured_media":0,"parent":0,"menu_order":0,"comment_status":"closed","ping_status":"closed","template":"","meta":{"_et_pb_use_builder":"on","_et_pb_old_content":"","_et_gb_content_width":"","footnotes":""},"class_list":["post-727","page","type-page","status-publish","hentry"],"_links":{"self":[{"href":"https:\/\/uotilapartners.fi\/en\/wp-json\/wp\/v2\/pages\/727","targetHints":{"allow":["GET"]}}],"collection":[{"href":"https:\/\/uotilapartners.fi\/en\/wp-json\/wp\/v2\/pages"}],"about":[{"href":"https:\/\/uotilapartners.fi\/en\/wp-json\/wp\/v2\/types\/page"}],"author":[{"embeddable":true,"href":"https:\/\/uotilapartners.fi\/en\/wp-json\/wp\/v2\/users\/2"}],"replies":[{"embeddable":true,"href":"https:\/\/uotilapartners.fi\/en\/wp-json\/wp\/v2\/comments?post=727"}],"version-history":[{"count":5,"href":"https:\/\/uotilapartners.fi\/en\/wp-json\/wp\/v2\/pages\/727\/revisions"}],"predecessor-version":[{"id":770,"href":"https:\/\/uotilapartners.fi\/en\/wp-json\/wp\/v2\/pages\/727\/revisions\/770"}],"wp:attachment":[{"href":"https:\/\/uotilapartners.fi\/en\/wp-json\/wp\/v2\/media?parent=727"}],"curies":[{"name":"wp","href":"https:\/\/api.w.org\/{rel}","templated":true}]}}